{"id":287,"date":"2020-07-26T23:22:43","date_gmt":"2020-07-26T21:22:43","guid":{"rendered":"http:\/\/sc-soehre.de\/?page_id=287"},"modified":"2025-01-20T17:04:46","modified_gmt":"2025-01-20T16:04:46","slug":"downloads","status":"publish","type":"page","link":"https:\/\/www.sc-soehre.de\/?page_id=287","title":{"rendered":"Downloads"},"content":{"rendered":"\n<figure class=\"wp-block-table\"><table><tbody><tr><td><a href=\"https:\/\/www.sc-soehre.de\/wp-content\/uploads\/2025\/01\/Beitritt_2022_NEU.pdf\">Beitrittserkl\u00e4rung SC S\u00f6hre<\/a><\/td><\/tr><tr><td><a href=\"https:\/\/www.sc-soehre.de\/wp-content\/uploads\/2020\/07\/Satzung_Sportclub_Soehre_2018.pdf\">Satzung SC S\u00f6hre<\/a><\/td><\/tr><tr><td><a href=\"https:\/\/www.sc-soehre.de\/wp-content\/uploads\/2025\/01\/MMB_RR_2024_2025.pdf\">Mannschaftsmeldebogen R\u00fcckrunde 2024\/25<\/a><\/td><\/tr><tr><td><a href=\"https:\/\/www.sc-soehre.de\/wp-content\/uploads\/2024\/11\/HTTV-Handbuch-digital-2024-07-25-FINAL.pdf\">HTTV-Handbuch 2024\/25<\/a><\/td><\/tr><\/tbody><\/table><\/figure>\n\n\n\n<p><\/p>\n","protected":false},"excerpt":{"rendered":"<p>Beitrittserkl\u00e4rung SC S\u00f6hre Satzung SC S\u00f6hre Mannschaftsmeldebogen R\u00fcckrunde 2024\/25 HTTV-Handbuch 2024\/25<\/p>\n","protected":false},"author":1,"featured_media":0,"parent":0,"menu_order":0,"comment_status":"closed","ping_status":"closed","template":"","meta":{"footnotes":""},"class_list":["post-287","page","type-page","status-publish","hentry"],"yoast_head":"<!-- This site is optimized with the Yoast SEO plugin v26.6 - https:\/\/yoast.com\/wordpress\/plugins\/seo\/ -->\n<title>Downloads -<\/title>\n<meta name=\"robots\" content=\"index, follow, max-snippet:-1, max-image-preview:large, max-video-preview:-1\" \/>\n<link rel=\"canonical\" href=\"https:\/\/www.sc-soehre.de\/?page_id=287\" \/>\n<meta property=\"og:locale\" content=\"de_DE\" \/>\n<meta property=\"og:type\" content=\"article\" \/>\n<meta property=\"og:title\" content=\"Downloads -\" \/>\n<meta property=\"og:description\" content=\"Beitrittserkl\u00e4rung SC S\u00f6hre Satzung SC S\u00f6hre Mannschaftsmeldebogen R\u00fcckrunde 2024\/25 HTTV-Handbuch 2024\/25\" \/>\n<meta property=\"og:url\" content=\"https:\/\/www.sc-soehre.de\/?page_id=287\" \/>\n<meta property=\"article:modified_time\" content=\"2025-01-20T16:04:46+00:00\" \/>\n<meta name=\"twitter:card\" content=\"summary_large_image\" \/>\n<meta name=\"twitter:label1\" content=\"Gesch\u00e4tzte Lesezeit\" \/>\n\t<meta name=\"twitter:data1\" content=\"1\u00a0Minute\" \/>\n<script type=\"application\/ld+json\" class=\"yoast-schema-graph\">{\"@context\":\"https:\/\/schema.org\",\"@graph\":[{\"@type\":\"WebPage\",\"@id\":\"https:\/\/www.sc-soehre.de\/?page_id=287\",\"url\":\"https:\/\/www.sc-soehre.de\/?page_id=287\",\"name\":\"Downloads -\",\"isPartOf\":{\"@id\":\"https:\/\/www.sc-soehre.de\/#website\"},\"datePublished\":\"2020-07-26T21:22:43+00:00\",\"dateModified\":\"2025-01-20T16:04:46+00:00\",\"breadcrumb\":{\"@id\":\"https:\/\/www.sc-soehre.de\/?page_id=287#breadcrumb\"},\"inLanguage\":\"de\",\"potentialAction\":[{\"@type\":\"ReadAction\",\"target\":[\"https:\/\/www.sc-soehre.de\/?page_id=287\"]}]},{\"@type\":\"BreadcrumbList\",\"@id\":\"https:\/\/www.sc-soehre.de\/?page_id=287#breadcrumb\",\"itemListElement\":[{\"@type\":\"ListItem\",\"position\":1,\"name\":\"Startseite\",\"item\":\"https:\/\/www.sc-soehre.de\/\"},{\"@type\":\"ListItem\",\"position\":2,\"name\":\"Downloads\"}]},{\"@type\":\"WebSite\",\"@id\":\"https:\/\/www.sc-soehre.de\/#website\",\"url\":\"https:\/\/www.sc-soehre.de\/\",\"name\":\"\",\"description\":\"\",\"potentialAction\":[{\"@type\":\"SearchAction\",\"target\":{\"@type\":\"EntryPoint\",\"urlTemplate\":\"https:\/\/www.sc-soehre.de\/?s={search_term_string}\"},\"query-input\":{\"@type\":\"PropertyValueSpecification\",\"valueRequired\":true,\"valueName\":\"search_term_string\"}}],\"inLanguage\":\"de\"}]}<\/script>\n<!-- \/ Yoast SEO plugin. -->","yoast_head_json":{"title":"Downloads -","robots":{"index":"index","follow":"follow","max-snippet":"max-snippet:-1","max-image-preview":"max-image-preview:large","max-video-preview":"max-video-preview:-1"},"canonical":"https:\/\/www.sc-soehre.de\/?page_id=287","og_locale":"de_DE","og_type":"article","og_title":"Downloads -","og_description":"Beitrittserkl\u00e4rung SC S\u00f6hre Satzung SC S\u00f6hre Mannschaftsmeldebogen R\u00fcckrunde 2024\/25 HTTV-Handbuch 2024\/25","og_url":"https:\/\/www.sc-soehre.de\/?page_id=287","article_modified_time":"2025-01-20T16:04:46+00:00","twitter_card":"summary_large_image","twitter_misc":{"Gesch\u00e4tzte Lesezeit":"1\u00a0Minute"},"schema":{"@context":"https:\/\/schema.org","@graph":[{"@type":"WebPage","@id":"https:\/\/www.sc-soehre.de\/?page_id=287","url":"https:\/\/www.sc-soehre.de\/?page_id=287","name":"Downloads -","isPartOf":{"@id":"https:\/\/www.sc-soehre.de\/#website"},"datePublished":"2020-07-26T21:22:43+00:00","dateModified":"2025-01-20T16:04:46+00:00","breadcrumb":{"@id":"https:\/\/www.sc-soehre.de\/?page_id=287#breadcrumb"},"inLanguage":"de","potentialAction":[{"@type":"ReadAction","target":["https:\/\/www.sc-soehre.de\/?page_id=287"]}]},{"@type":"BreadcrumbList","@id":"https:\/\/www.sc-soehre.de\/?page_id=287#breadcrumb","itemListElement":[{"@type":"ListItem","position":1,"name":"Startseite","item":"https:\/\/www.sc-soehre.de\/"},{"@type":"ListItem","position":2,"name":"Downloads"}]},{"@type":"WebSite","@id":"https:\/\/www.sc-soehre.de\/#website","url":"https:\/\/www.sc-soehre.de\/","name":"","description":"","potentialAction":[{"@type":"SearchAction","target":{"@type":"EntryPoint","urlTemplate":"https:\/\/www.sc-soehre.de\/?s={search_term_string}"},"query-input":{"@type":"PropertyValueSpecification","valueRequired":true,"valueName":"search_term_string"}}],"inLanguage":"de"}]}},"_links":{"self":[{"href":"https:\/\/www.sc-soehre.de\/index.php?rest_route=\/wp\/v2\/pages\/287","targetHints":{"allow":["GET"]}}],"collection":[{"href":"https:\/\/www.sc-soehre.de\/index.php?rest_route=\/wp\/v2\/pages"}],"about":[{"href":"https:\/\/www.sc-soehre.de\/index.php?rest_route=\/wp\/v2\/types\/page"}],"author":[{"embeddable":true,"href":"https:\/\/www.sc-soehre.de\/index.php?rest_route=\/wp\/v2\/users\/1"}],"replies":[{"embeddable":true,"href":"https:\/\/www.sc-soehre.de\/index.php?rest_route=%2Fwp%2Fv2%2Fcomments&post=287"}],"version-history":[{"count":12,"href":"https:\/\/www.sc-soehre.de\/index.php?rest_route=\/wp\/v2\/pages\/287\/revisions"}],"predecessor-version":[{"id":510,"href":"https:\/\/www.sc-soehre.de\/index.php?rest_route=\/wp\/v2\/pages\/287\/revisions\/510"}],"wp:attachment":[{"href":"https:\/\/www.sc-soehre.de\/index.php?rest_route=%2Fwp%2Fv2%2Fmedia&parent=287"}],"curies":[{"name":"wp","href":"https:\/\/api.w.org\/{rel}","templated":true}]}}