{"id":2,"date":"2020-06-15T19:26:09","date_gmt":"2020-06-15T17:26:09","guid":{"rendered":"http:\/\/sc-soehre.de\/?page_id=2"},"modified":"2025-12-26T19:14:30","modified_gmt":"2025-12-26T18:14:30","slug":"beispiel-seite","status":"publish","type":"page","link":"https:\/\/www.sc-soehre.de\/","title":{"rendered":"Herzlich Willkommen beim SC S\u00f6hre 2018 e.V."},"content":{"rendered":"\n<p><\/p>\n\n\n\n<p>Wir freuen uns \u00fcber Ihren Besuch auf unserer Website.<\/p>\n\n\n\n<p>Hier finden Sie aktuelle Informationen zu unserem Tischtennisverein.<\/p>\n\n\n\n<p><\/p>\n\n\n\n<p><\/p>\n\n\n\n<hr class=\"wp-block-separator has-css-opacity\"\/>\n\n\n\n<h5 class=\"wp-block-heading has-vivid-red-color has-text-color\">Mannschafts\u00fcbersichten<\/h5>\n\n\n\n<h2 class=\"wp-block-heading\">2025\/26<\/h2>\n\n\n\n<h3 class=\"wp-block-heading\">Bezirk Nord 2025\/26<\/h3>\n\n\n\n<figure class=\"wp-block-table\"><table class=\"has-fixed-layout\"><thead><tr><th>Mannschaft<\/th><th>Mannschaftskontakt<\/th><\/tr><\/thead><tbody><tr><td><a href=\"https:\/\/www.mytischtennis.de\/click-tt\/HeTTV\/25--26\/ligen\/Bezirksliga-Gr-2\/gruppe\/496206\/tabelle\/vr\" target=\"_blank\" rel=\"noreferrer noopener\">Herren\u00a0<\/a><\/td><td>Schmid, Alexander<br>Tel. +49 173 \/ 7027802<br>Email: alexschmidden@yahoo.de<\/td><\/tr><tr><td><a href=\"https:\/\/www.mytischtennis.de\/click-tt\/HeTTV\/25--26\/ligen\/Bezirksklasse-Gr-23\/gruppe\/496369\/tabelle\/vr\" target=\"_blank\" rel=\"noreferrer noopener\">Herren II\u00a0<\/a><\/td><td>Winter, Christoph<br>Te. +49 172 \/ 8850870<br>Email: christoph.winter94@gmail.com<\/td><\/tr><tr><td><a href=\"https:\/\/www.mytischtennis.de\/click-tt\/HeTTV\/25--26\/ligen\/Bezirksoberliga\/gruppe\/496091\/tabelle\/vr\" target=\"_blank\" rel=\"noreferrer noopener\">Damen\u00a0<\/a><\/td><td>Kschischan, Katharina<br>Tel. +49 151 \/ 56998050<br>Email: k.kschischan@web.de<\/td><\/tr><tr><td><a href=\"https:\/\/www.mytischtennis.de\/click-tt\/HeTTV\/25--26\/ligen\/Bezirksliga\/gruppe\/496265\/tabelle\/vr\" target=\"_blank\" rel=\"noreferrer noopener\">Damen II\u00a0<\/a><\/td><td>Wiens, Johanna<br>Tel. +49 176 \/ 34194179<br>Email: johanna.winter89@googlemail.com<\/td><\/tr><\/tbody><\/table><\/figure>\n\n\n\n<h3 class=\"wp-block-heading\">Kreis Kassel 2024\/25<\/h3>\n\n\n\n<figure class=\"wp-block-table\"><table class=\"has-fixed-layout\"><thead><tr><th>Mannschaft<\/th><th>Mannschaftskontakt<\/th><\/tr><\/thead><tbody><tr><td><a href=\"https:\/\/www.mytischtennis.de\/click-tt\/HeTTV\/25--26\/ligen\/Kreisliga-Gr3\/gruppe\/496584\/tabelle\/vr\" target=\"_blank\" rel=\"noreferrer noopener\">Herren III (4er)\u00a0<\/a><\/td><td>Winter, J\u00fcrgen <br>Tel. +49 179 \/ 239 3402<br>Email: juergen.winter@hotmail.de<\/td><\/tr><tr><td><a href=\"https:\/\/www.mytischtennis.de\/click-tt\/HeTTV\/25--26\/ligen\/1-Kreisklasse-Gr3\/gruppe\/496312\/tabelle\/vr\" target=\"_blank\" rel=\"noreferrer noopener\">Herren IV (4er)\u00a0<\/a><\/td><td>Winter, J\u00fcrgen <br>Tel. +49 179 \/ 239 3402<br>Email: juergen.winter@hotmail.de<\/td><\/tr><tr><td><a href=\"https:\/\/www.mytischtennis.de\/click-tt\/HeTTV\/25--26\/ligen\/3-Kreisklasse-Gr2\/gruppe\/496013\/tabelle\/vr\" target=\"_blank\" rel=\"noreferrer noopener\">Herren V (4er)\u00a0<\/a><\/td><td>Spindeler, Heiner <br>Tel. +49 151 \/ 42859723<br>Email: spindeler@t-online.de<\/td><\/tr><\/tbody><\/table><\/figure>\n\n\n\n<h3 class=\"wp-block-heading\"><\/h3>\n\n\n\n<p><\/p>\n","protected":false},"excerpt":{"rendered":"<p>Wir freuen uns \u00fcber Ihren Besuch auf unserer Website. Hier finden Sie aktuelle Informationen zu unserem Tischtennisverein. Mannschafts\u00fcbersichten 2025\/26 Bezirk Nord 2025\/26 [&hellip;]<\/p>\n","protected":false},"author":3,"featured_media":0,"parent":0,"menu_order":0,"comment_status":"closed","ping_status":"open","template":"","meta":{"footnotes":""},"class_list":["post-2","page","type-page","status-publish","hentry"],"yoast_head":"<!-- This site is optimized with the Yoast SEO plugin v26.6 - https:\/\/yoast.com\/wordpress\/plugins\/seo\/ -->\n<title>Herzlich Willkommen beim SC S\u00f6hre 2018 e.V. -<\/title>\n<meta name=\"robots\" content=\"index, follow, max-snippet:-1, max-image-preview:large, max-video-preview:-1\" \/>\n<link rel=\"canonical\" href=\"https:\/\/www.sc-soehre.de\/\" \/>\n<meta property=\"og:locale\" content=\"de_DE\" \/>\n<meta property=\"og:type\" content=\"article\" \/>\n<meta property=\"og:title\" content=\"Herzlich Willkommen beim SC S\u00f6hre 2018 e.V. -\" \/>\n<meta property=\"og:description\" content=\"Wir freuen uns \u00fcber Ihren Besuch auf unserer Website. Hier finden Sie aktuelle Informationen zu unserem Tischtennisverein. Mannschafts\u00fcbersichten 2025\/26 Bezirk Nord 2025\/26 [&hellip;]\" \/>\n<meta property=\"og:url\" content=\"https:\/\/www.sc-soehre.de\/\" \/>\n<meta property=\"article:modified_time\" content=\"2025-12-26T18:14:30+00:00\" \/>\n<meta name=\"twitter:card\" content=\"summary_large_image\" \/>\n<meta name=\"twitter:label1\" content=\"Gesch\u00e4tzte Lesezeit\" \/>\n\t<meta name=\"twitter:data1\" content=\"1\u00a0Minute\" \/>\n<script type=\"application\/ld+json\" class=\"yoast-schema-graph\">{\"@context\":\"https:\/\/schema.org\",\"@graph\":[{\"@type\":\"WebPage\",\"@id\":\"https:\/\/www.sc-soehre.de\/\",\"url\":\"https:\/\/www.sc-soehre.de\/\",\"name\":\"Herzlich Willkommen beim SC S\u00f6hre 2018 e.V. -\",\"isPartOf\":{\"@id\":\"https:\/\/www.sc-soehre.de\/#website\"},\"datePublished\":\"2020-06-15T17:26:09+00:00\",\"dateModified\":\"2025-12-26T18:14:30+00:00\",\"breadcrumb\":{\"@id\":\"https:\/\/www.sc-soehre.de\/#breadcrumb\"},\"inLanguage\":\"de\",\"potentialAction\":[{\"@type\":\"ReadAction\",\"target\":[\"https:\/\/www.sc-soehre.de\/\"]}]},{\"@type\":\"BreadcrumbList\",\"@id\":\"https:\/\/www.sc-soehre.de\/#breadcrumb\",\"itemListElement\":[{\"@type\":\"ListItem\",\"position\":1,\"name\":\"Startseite\",\"item\":\"https:\/\/www.sc-soehre.de\/\"},{\"@type\":\"ListItem\",\"position\":2,\"name\":\"Herzlich Willkommen beim SC S\u00f6hre 2018 e.V.\"}]},{\"@type\":\"WebSite\",\"@id\":\"https:\/\/www.sc-soehre.de\/#website\",\"url\":\"https:\/\/www.sc-soehre.de\/\",\"name\":\"\",\"description\":\"\",\"potentialAction\":[{\"@type\":\"SearchAction\",\"target\":{\"@type\":\"EntryPoint\",\"urlTemplate\":\"https:\/\/www.sc-soehre.de\/?s={search_term_string}\"},\"query-input\":{\"@type\":\"PropertyValueSpecification\",\"valueRequired\":true,\"valueName\":\"search_term_string\"}}],\"inLanguage\":\"de\"}]}<\/script>\n<!-- \/ Yoast SEO plugin. -->","yoast_head_json":{"title":"Herzlich Willkommen beim SC S\u00f6hre 2018 e.V. -","robots":{"index":"index","follow":"follow","max-snippet":"max-snippet:-1","max-image-preview":"max-image-preview:large","max-video-preview":"max-video-preview:-1"},"canonical":"https:\/\/www.sc-soehre.de\/","og_locale":"de_DE","og_type":"article","og_title":"Herzlich Willkommen beim SC S\u00f6hre 2018 e.V. -","og_description":"Wir freuen uns \u00fcber Ihren Besuch auf unserer Website. Hier finden Sie aktuelle Informationen zu unserem Tischtennisverein. Mannschafts\u00fcbersichten 2025\/26 Bezirk Nord 2025\/26 [&hellip;]","og_url":"https:\/\/www.sc-soehre.de\/","article_modified_time":"2025-12-26T18:14:30+00:00","twitter_card":"summary_large_image","twitter_misc":{"Gesch\u00e4tzte Lesezeit":"1\u00a0Minute"},"schema":{"@context":"https:\/\/schema.org","@graph":[{"@type":"WebPage","@id":"https:\/\/www.sc-soehre.de\/","url":"https:\/\/www.sc-soehre.de\/","name":"Herzlich Willkommen beim SC S\u00f6hre 2018 e.V. -","isPartOf":{"@id":"https:\/\/www.sc-soehre.de\/#website"},"datePublished":"2020-06-15T17:26:09+00:00","dateModified":"2025-12-26T18:14:30+00:00","breadcrumb":{"@id":"https:\/\/www.sc-soehre.de\/#breadcrumb"},"inLanguage":"de","potentialAction":[{"@type":"ReadAction","target":["https:\/\/www.sc-soehre.de\/"]}]},{"@type":"BreadcrumbList","@id":"https:\/\/www.sc-soehre.de\/#breadcrumb","itemListElement":[{"@type":"ListItem","position":1,"name":"Startseite","item":"https:\/\/www.sc-soehre.de\/"},{"@type":"ListItem","position":2,"name":"Herzlich Willkommen beim SC S\u00f6hre 2018 e.V."}]},{"@type":"WebSite","@id":"https:\/\/www.sc-soehre.de\/#website","url":"https:\/\/www.sc-soehre.de\/","name":"","description":"","potentialAction":[{"@type":"SearchAction","target":{"@type":"EntryPoint","urlTemplate":"https:\/\/www.sc-soehre.de\/?s={search_term_string}"},"query-input":{"@type":"PropertyValueSpecification","valueRequired":true,"valueName":"search_term_string"}}],"inLanguage":"de"}]}},"_links":{"self":[{"href":"https:\/\/www.sc-soehre.de\/index.php?rest_route=\/wp\/v2\/pages\/2","targetHints":{"allow":["GET"]}}],"collection":[{"href":"https:\/\/www.sc-soehre.de\/index.php?rest_route=\/wp\/v2\/pages"}],"about":[{"href":"https:\/\/www.sc-soehre.de\/index.php?rest_route=\/wp\/v2\/types\/page"}],"author":[{"embeddable":true,"href":"https:\/\/www.sc-soehre.de\/index.php?rest_route=\/wp\/v2\/users\/3"}],"replies":[{"embeddable":true,"href":"https:\/\/www.sc-soehre.de\/index.php?rest_route=%2Fwp%2Fv2%2Fcomments&post=2"}],"version-history":[{"count":39,"href":"https:\/\/www.sc-soehre.de\/index.php?rest_route=\/wp\/v2\/pages\/2\/revisions"}],"predecessor-version":[{"id":557,"href":"https:\/\/www.sc-soehre.de\/index.php?rest_route=\/wp\/v2\/pages\/2\/revisions\/557"}],"wp:attachment":[{"href":"https:\/\/www.sc-soehre.de\/index.php?rest_route=%2Fwp%2Fv2%2Fmedia&parent=2"}],"curies":[{"name":"wp","href":"https:\/\/api.w.org\/{rel}","templated":true}]}}