{"id":141,"date":"2020-06-19T23:58:27","date_gmt":"2020-06-19T21:58:27","guid":{"rendered":"http:\/\/sc-soehre.de\/?page_id=141"},"modified":"2020-07-14T22:56:47","modified_gmt":"2020-07-14T20:56:47","slug":"gruendungsversammlung-2017","status":"publish","type":"page","link":"https:\/\/www.sc-soehre.de\/?page_id=141","title":{"rendered":"Gr\u00fcndungsversammlung 2017"},"content":{"rendered":"\n<figure class=\"wp-block-image size-large\"><img loading=\"lazy\" decoding=\"async\" width=\"1024\" height=\"564\" src=\"http:\/\/sc-soehre.de\/wp-content\/uploads\/2020\/07\/gruendung2-1024x564.png\" alt=\"\" class=\"wp-image-184\" srcset=\"https:\/\/www.sc-soehre.de\/wp-content\/uploads\/2020\/07\/gruendung2-1024x564.png 1024w, https:\/\/www.sc-soehre.de\/wp-content\/uploads\/2020\/07\/gruendung2-300x165.png 300w, https:\/\/www.sc-soehre.de\/wp-content\/uploads\/2020\/07\/gruendung2-768x423.png 768w, https:\/\/www.sc-soehre.de\/wp-content\/uploads\/2020\/07\/gruendung2-1536x847.png 1536w, https:\/\/www.sc-soehre.de\/wp-content\/uploads\/2020\/07\/gruendung2-830x457.png 830w, https:\/\/www.sc-soehre.de\/wp-content\/uploads\/2020\/07\/gruendung2-230x127.png 230w, https:\/\/www.sc-soehre.de\/wp-content\/uploads\/2020\/07\/gruendung2-350x193.png 350w, https:\/\/www.sc-soehre.de\/wp-content\/uploads\/2020\/07\/gruendung2-480x265.png 480w, https:\/\/www.sc-soehre.de\/wp-content\/uploads\/2020\/07\/gruendung2.png 1633w\" sizes=\"auto, (max-width: 1024px) 100vw, 1024px\" \/><\/figure>\n\n\n\n<p>Am 12.01.2018 kamen im Dorfgemeinschaftshaus in Wattenbach, Weller\u00f6der Str. 62, 34320 S\u00f6hrewald, 32 Personen zusammen, um die Gr\u00fcndung des Vereins SC S\u00f6hre 2018 e.V-S\u00f6hrewald (SC S\u00f6hre 2018) zu beschlie\u00dfen.<br>Herr J\u00fcrgen Winter begr\u00fc\u00dfte die Anwesenden herzlich und erl\u00e4uterte, weshalb an diesem Abend ein neuer Verein gegr\u00fcndet werden sollte. Nach Diskussionen \u00fcber die Satzung des Vereins wurde dann unter Versammlungsleiter Heiner Spindeler ein Vorstand gew\u00e4hlt, welcher die weiteren Schritte der Vereinsgr\u00fcndung in Angriff nehmen sollte.<br>Um 22:10 Uhr Ortszeit war dann die Gr\u00fcndung des neuen Vereins abgeschlossen.<\/p>\n\n\n\n<figure class=\"wp-block-image size-large\"><img loading=\"lazy\" decoding=\"async\" width=\"1024\" height=\"576\" src=\"http:\/\/sc-soehre.de\/wp-content\/uploads\/2020\/06\/Gruendungsversammlung_2017-1024x576.jpg\" alt=\"Gruendungsversammlung\" class=\"wp-image-154\" srcset=\"https:\/\/www.sc-soehre.de\/wp-content\/uploads\/2020\/06\/Gruendungsversammlung_2017-1024x576.jpg 1024w, https:\/\/www.sc-soehre.de\/wp-content\/uploads\/2020\/06\/Gruendungsversammlung_2017-300x169.jpg 300w, https:\/\/www.sc-soehre.de\/wp-content\/uploads\/2020\/06\/Gruendungsversammlung_2017-768x432.jpg 768w, https:\/\/www.sc-soehre.de\/wp-content\/uploads\/2020\/06\/Gruendungsversammlung_2017-1536x864.jpg 1536w, https:\/\/www.sc-soehre.de\/wp-content\/uploads\/2020\/06\/Gruendungsversammlung_2017-2048x1152.jpg 2048w, https:\/\/www.sc-soehre.de\/wp-content\/uploads\/2020\/06\/Gruendungsversammlung_2017-830x467.jpg 830w, https:\/\/www.sc-soehre.de\/wp-content\/uploads\/2020\/06\/Gruendungsversammlung_2017-230x129.jpg 230w, https:\/\/www.sc-soehre.de\/wp-content\/uploads\/2020\/06\/Gruendungsversammlung_2017-350x197.jpg 350w, https:\/\/www.sc-soehre.de\/wp-content\/uploads\/2020\/06\/Gruendungsversammlung_2017-480x270.jpg 480w\" sizes=\"auto, (max-width: 1024px) 100vw, 1024px\" \/><\/figure>\n","protected":false},"excerpt":{"rendered":"<p>Am 12.01.2018 kamen im Dorfgemeinschaftshaus in Wattenbach, Weller\u00f6der Str. 62, 34320 S\u00f6hrewald, 32 Personen zusammen, um die Gr\u00fcndung des Vereins SC S\u00f6hre [&hellip;]<\/p>\n","protected":false},"author":1,"featured_media":0,"parent":0,"menu_order":0,"comment_status":"closed","ping_status":"closed","template":"","meta":{"footnotes":""},"class_list":["post-141","page","type-page","status-publish","hentry"],"yoast_head":"<!-- This site is optimized with the Yoast SEO plugin v26.6 - https:\/\/yoast.com\/wordpress\/plugins\/seo\/ -->\n<title>Gr\u00fcndungsversammlung 2017 -<\/title>\n<meta name=\"robots\" content=\"index, follow, max-snippet:-1, max-image-preview:large, max-video-preview:-1\" \/>\n<link rel=\"canonical\" href=\"https:\/\/www.sc-soehre.de\/?page_id=141\" \/>\n<meta property=\"og:locale\" content=\"de_DE\" \/>\n<meta property=\"og:type\" content=\"article\" \/>\n<meta property=\"og:title\" content=\"Gr\u00fcndungsversammlung 2017 -\" \/>\n<meta property=\"og:description\" content=\"Am 12.01.2018 kamen im Dorfgemeinschaftshaus in Wattenbach, Weller\u00f6der Str. 62, 34320 S\u00f6hrewald, 32 Personen zusammen, um die Gr\u00fcndung des Vereins SC S\u00f6hre [&hellip;]\" \/>\n<meta property=\"og:url\" content=\"https:\/\/www.sc-soehre.de\/?page_id=141\" \/>\n<meta property=\"article:modified_time\" content=\"2020-07-14T20:56:47+00:00\" \/>\n<meta property=\"og:image\" content=\"https:\/\/www.sc-soehre.de\/wp-content\/uploads\/2020\/07\/gruendung2.png\" \/>\n\t<meta property=\"og:image:width\" content=\"1633\" \/>\n\t<meta property=\"og:image:height\" content=\"900\" \/>\n\t<meta property=\"og:image:type\" content=\"image\/png\" \/>\n<meta name=\"twitter:card\" content=\"summary_large_image\" \/>\n<script type=\"application\/ld+json\" class=\"yoast-schema-graph\">{\"@context\":\"https:\/\/schema.org\",\"@graph\":[{\"@type\":\"WebPage\",\"@id\":\"https:\/\/www.sc-soehre.de\/?page_id=141\",\"url\":\"https:\/\/www.sc-soehre.de\/?page_id=141\",\"name\":\"Gr\u00fcndungsversammlung 2017 -\",\"isPartOf\":{\"@id\":\"https:\/\/www.sc-soehre.de\/#website\"},\"primaryImageOfPage\":{\"@id\":\"https:\/\/www.sc-soehre.de\/?page_id=141#primaryimage\"},\"image\":{\"@id\":\"https:\/\/www.sc-soehre.de\/?page_id=141#primaryimage\"},\"thumbnailUrl\":\"http:\/\/sc-soehre.de\/wp-content\/uploads\/2020\/07\/gruendung2-1024x564.png\",\"datePublished\":\"2020-06-19T21:58:27+00:00\",\"dateModified\":\"2020-07-14T20:56:47+00:00\",\"breadcrumb\":{\"@id\":\"https:\/\/www.sc-soehre.de\/?page_id=141#breadcrumb\"},\"inLanguage\":\"de\",\"potentialAction\":[{\"@type\":\"ReadAction\",\"target\":[\"https:\/\/www.sc-soehre.de\/?page_id=141\"]}]},{\"@type\":\"ImageObject\",\"inLanguage\":\"de\",\"@id\":\"https:\/\/www.sc-soehre.de\/?page_id=141#primaryimage\",\"url\":\"http:\/\/sc-soehre.de\/wp-content\/uploads\/2020\/07\/gruendung2-1024x564.png\",\"contentUrl\":\"http:\/\/sc-soehre.de\/wp-content\/uploads\/2020\/07\/gruendung2-1024x564.png\"},{\"@type\":\"BreadcrumbList\",\"@id\":\"https:\/\/www.sc-soehre.de\/?page_id=141#breadcrumb\",\"itemListElement\":[{\"@type\":\"ListItem\",\"position\":1,\"name\":\"Startseite\",\"item\":\"https:\/\/www.sc-soehre.de\/\"},{\"@type\":\"ListItem\",\"position\":2,\"name\":\"Gr\u00fcndungsversammlung 2017\"}]},{\"@type\":\"WebSite\",\"@id\":\"https:\/\/www.sc-soehre.de\/#website\",\"url\":\"https:\/\/www.sc-soehre.de\/\",\"name\":\"\",\"description\":\"\",\"potentialAction\":[{\"@type\":\"SearchAction\",\"target\":{\"@type\":\"EntryPoint\",\"urlTemplate\":\"https:\/\/www.sc-soehre.de\/?s={search_term_string}\"},\"query-input\":{\"@type\":\"PropertyValueSpecification\",\"valueRequired\":true,\"valueName\":\"search_term_string\"}}],\"inLanguage\":\"de\"}]}<\/script>\n<!-- \/ Yoast SEO plugin. -->","yoast_head_json":{"title":"Gr\u00fcndungsversammlung 2017 -","robots":{"index":"index","follow":"follow","max-snippet":"max-snippet:-1","max-image-preview":"max-image-preview:large","max-video-preview":"max-video-preview:-1"},"canonical":"https:\/\/www.sc-soehre.de\/?page_id=141","og_locale":"de_DE","og_type":"article","og_title":"Gr\u00fcndungsversammlung 2017 -","og_description":"Am 12.01.2018 kamen im Dorfgemeinschaftshaus in Wattenbach, Weller\u00f6der Str. 62, 34320 S\u00f6hrewald, 32 Personen zusammen, um die Gr\u00fcndung des Vereins SC S\u00f6hre [&hellip;]","og_url":"https:\/\/www.sc-soehre.de\/?page_id=141","article_modified_time":"2020-07-14T20:56:47+00:00","og_image":[{"width":1633,"height":900,"url":"https:\/\/www.sc-soehre.de\/wp-content\/uploads\/2020\/07\/gruendung2.png","type":"image\/png"}],"twitter_card":"summary_large_image","schema":{"@context":"https:\/\/schema.org","@graph":[{"@type":"WebPage","@id":"https:\/\/www.sc-soehre.de\/?page_id=141","url":"https:\/\/www.sc-soehre.de\/?page_id=141","name":"Gr\u00fcndungsversammlung 2017 -","isPartOf":{"@id":"https:\/\/www.sc-soehre.de\/#website"},"primaryImageOfPage":{"@id":"https:\/\/www.sc-soehre.de\/?page_id=141#primaryimage"},"image":{"@id":"https:\/\/www.sc-soehre.de\/?page_id=141#primaryimage"},"thumbnailUrl":"http:\/\/sc-soehre.de\/wp-content\/uploads\/2020\/07\/gruendung2-1024x564.png","datePublished":"2020-06-19T21:58:27+00:00","dateModified":"2020-07-14T20:56:47+00:00","breadcrumb":{"@id":"https:\/\/www.sc-soehre.de\/?page_id=141#breadcrumb"},"inLanguage":"de","potentialAction":[{"@type":"ReadAction","target":["https:\/\/www.sc-soehre.de\/?page_id=141"]}]},{"@type":"ImageObject","inLanguage":"de","@id":"https:\/\/www.sc-soehre.de\/?page_id=141#primaryimage","url":"http:\/\/sc-soehre.de\/wp-content\/uploads\/2020\/07\/gruendung2-1024x564.png","contentUrl":"http:\/\/sc-soehre.de\/wp-content\/uploads\/2020\/07\/gruendung2-1024x564.png"},{"@type":"BreadcrumbList","@id":"https:\/\/www.sc-soehre.de\/?page_id=141#breadcrumb","itemListElement":[{"@type":"ListItem","position":1,"name":"Startseite","item":"https:\/\/www.sc-soehre.de\/"},{"@type":"ListItem","position":2,"name":"Gr\u00fcndungsversammlung 2017"}]},{"@type":"WebSite","@id":"https:\/\/www.sc-soehre.de\/#website","url":"https:\/\/www.sc-soehre.de\/","name":"","description":"","potentialAction":[{"@type":"SearchAction","target":{"@type":"EntryPoint","urlTemplate":"https:\/\/www.sc-soehre.de\/?s={search_term_string}"},"query-input":{"@type":"PropertyValueSpecification","valueRequired":true,"valueName":"search_term_string"}}],"inLanguage":"de"}]}},"_links":{"self":[{"href":"https:\/\/www.sc-soehre.de\/index.php?rest_route=\/wp\/v2\/pages\/141","targetHints":{"allow":["GET"]}}],"collection":[{"href":"https:\/\/www.sc-soehre.de\/index.php?rest_route=\/wp\/v2\/pages"}],"about":[{"href":"https:\/\/www.sc-soehre.de\/index.php?rest_route=\/wp\/v2\/types\/page"}],"author":[{"embeddable":true,"href":"https:\/\/www.sc-soehre.de\/index.php?rest_route=\/wp\/v2\/users\/1"}],"replies":[{"embeddable":true,"href":"https:\/\/www.sc-soehre.de\/index.php?rest_route=%2Fwp%2Fv2%2Fcomments&post=141"}],"version-history":[{"count":4,"href":"https:\/\/www.sc-soehre.de\/index.php?rest_route=\/wp\/v2\/pages\/141\/revisions"}],"predecessor-version":[{"id":185,"href":"https:\/\/www.sc-soehre.de\/index.php?rest_route=\/wp\/v2\/pages\/141\/revisions\/185"}],"wp:attachment":[{"href":"https:\/\/www.sc-soehre.de\/index.php?rest_route=%2Fwp%2Fv2%2Fmedia&parent=141"}],"curies":[{"name":"wp","href":"https:\/\/api.w.org\/{rel}","templated":true}]}}