{"id":102,"date":"2020-06-19T10:20:36","date_gmt":"2020-06-19T08:20:36","guid":{"rendered":"http:\/\/sc-soehre.de\/?page_id=102"},"modified":"2025-12-26T19:01:41","modified_gmt":"2025-12-26T18:01:41","slug":"2-damen","status":"publish","type":"page","link":"https:\/\/www.sc-soehre.de\/?page_id=102","title":{"rendered":"2. Damen"},"content":{"rendered":"\n<p><strong>Bezirksliga Nord<\/strong> <strong>(4er)<\/strong><\/p>\n\n\n\n<p><strong>Aufstellung Vorrunde 2025\/26<\/strong><\/p>\n\n\n\n<p>1.Franziska Horn<br>2.Johanna Wiens<br>3.Nadja Schliest\u00e4dt<br>4.Ilka Horn<br>5.Gabriele Horn<br>6.Monika Peter<br>7.Tanja Klatt<br>8.Julia B\u00f6hling<\/p>\n\n\n\n<p>Mannschaftsf\u00fchrerin Johanna Wiens<br>Email <a href=\"mailto:johanna.winter89@googlemail.com\">johanna.winter89@googlemail.com<\/a><br>Mobil: + 49 176 3419 4179<\/p>\n\n\n\n<h1>Tabelle<\/h1>\n<iframe loading=\"lazy\" src=\"https:\/\/www.mytischtennis.de\/click-tt\/HeTTV\/25--26\/ligen\/Bezirksliga\/gruppe\/496265\/tabelle\/vr\" name=\"Tabelle\" height=\"500\" width=\"95%\"> <p>Ihr Browser kann leider keine eingebetteten Frames anzeigen: Sie k\u00f6nnen die eingebettete Seite \u00fcber den folgenden Verweis aufrufen: <a href=https:\/\/www.mytischtennis.de\/click-tt\/HeTTV\/25--26\/ligen\/Bezirksliga\/gruppe\/496265\/tabelle\/vr>Tabelle<\/a> <\/p> <\/iframe>\n\n\n\n<p><\/p>\n\n\n\n<h1>Spielplan\/Bilanzen<\/h1>\n<iframe loading=\"lazy\" src=\"https:\/\/www.mytischtennis.de\/click-tt\/HeTTV\/25--26\/ligen\/Bezirksliga\/gruppe\/496265\/mannschaft\/2966174\/SC_S%C3%B6hre_2018_-_S%C3%B6hrewald__II\/spielerbilanzen\/vr\" name=\"Spielplan\" height=\"500\" width=\"95%\"> <p>Ihr Browser kann leider keine eingebetteten Frames anzeigen: Sie k\u00f6nnen die eingebettete Seite \u00fcber den folgenden Verweis aufrufen: <a href=https:\/\/www.mytischtennis.de\/click-tt\/HeTTV\/25--26\/ligen\/Bezirksliga\/gruppe\/496265\/mannschaft\/2966174\/SC_S%C3%B6hre_2018_-_S%C3%B6hrewald__II\/spielerbilanzen\/vr>Tabelle<\/a> <\/p> <\/iframe>\n","protected":false},"excerpt":{"rendered":"<p>Bezirksliga Nord (4er) Aufstellung Vorrunde 2025\/26 1.Franziska Horn2.Johanna Wiens3.Nadja Schliest\u00e4dt4.Ilka Horn5.Gabriele Horn6.Monika Peter7.Tanja Klatt8.Julia B\u00f6hling Mannschaftsf\u00fchrerin Johanna WiensEmail johanna.winter89@googlemail.comMobil: + 49 176 [&hellip;]<\/p>\n","protected":false},"author":1,"featured_media":0,"parent":0,"menu_order":0,"comment_status":"closed","ping_status":"closed","template":"","meta":{"footnotes":""},"class_list":["post-102","page","type-page","status-publish","hentry"],"yoast_head":"<!-- This site is optimized with the Yoast SEO plugin v26.6 - https:\/\/yoast.com\/wordpress\/plugins\/seo\/ -->\n<title>2. Damen -<\/title>\n<meta name=\"robots\" content=\"index, follow, max-snippet:-1, max-image-preview:large, max-video-preview:-1\" \/>\n<link rel=\"canonical\" href=\"https:\/\/www.sc-soehre.de\/?page_id=102\" \/>\n<meta property=\"og:locale\" content=\"de_DE\" \/>\n<meta property=\"og:type\" content=\"article\" \/>\n<meta property=\"og:title\" content=\"2. Damen -\" \/>\n<meta property=\"og:description\" content=\"Bezirksliga Nord (4er) Aufstellung Vorrunde 2025\/26 1.Franziska Horn2.Johanna Wiens3.Nadja Schliest\u00e4dt4.Ilka Horn5.Gabriele Horn6.Monika Peter7.Tanja Klatt8.Julia B\u00f6hling Mannschaftsf\u00fchrerin Johanna WiensEmail johanna.winter89@googlemail.comMobil: + 49 176 [&hellip;]\" \/>\n<meta property=\"og:url\" content=\"https:\/\/www.sc-soehre.de\/?page_id=102\" \/>\n<meta property=\"article:modified_time\" content=\"2025-12-26T18:01:41+00:00\" \/>\n<meta name=\"twitter:card\" content=\"summary_large_image\" \/>\n<meta name=\"twitter:label1\" content=\"Gesch\u00e4tzte Lesezeit\" \/>\n\t<meta name=\"twitter:data1\" content=\"1\u00a0Minute\" \/>\n<script type=\"application\/ld+json\" class=\"yoast-schema-graph\">{\"@context\":\"https:\/\/schema.org\",\"@graph\":[{\"@type\":\"WebPage\",\"@id\":\"https:\/\/www.sc-soehre.de\/?page_id=102\",\"url\":\"https:\/\/www.sc-soehre.de\/?page_id=102\",\"name\":\"2. Damen -\",\"isPartOf\":{\"@id\":\"https:\/\/www.sc-soehre.de\/#website\"},\"datePublished\":\"2020-06-19T08:20:36+00:00\",\"dateModified\":\"2025-12-26T18:01:41+00:00\",\"breadcrumb\":{\"@id\":\"https:\/\/www.sc-soehre.de\/?page_id=102#breadcrumb\"},\"inLanguage\":\"de\",\"potentialAction\":[{\"@type\":\"ReadAction\",\"target\":[\"https:\/\/www.sc-soehre.de\/?page_id=102\"]}]},{\"@type\":\"BreadcrumbList\",\"@id\":\"https:\/\/www.sc-soehre.de\/?page_id=102#breadcrumb\",\"itemListElement\":[{\"@type\":\"ListItem\",\"position\":1,\"name\":\"Startseite\",\"item\":\"https:\/\/www.sc-soehre.de\/\"},{\"@type\":\"ListItem\",\"position\":2,\"name\":\"2. Damen\"}]},{\"@type\":\"WebSite\",\"@id\":\"https:\/\/www.sc-soehre.de\/#website\",\"url\":\"https:\/\/www.sc-soehre.de\/\",\"name\":\"\",\"description\":\"\",\"potentialAction\":[{\"@type\":\"SearchAction\",\"target\":{\"@type\":\"EntryPoint\",\"urlTemplate\":\"https:\/\/www.sc-soehre.de\/?s={search_term_string}\"},\"query-input\":{\"@type\":\"PropertyValueSpecification\",\"valueRequired\":true,\"valueName\":\"search_term_string\"}}],\"inLanguage\":\"de\"}]}<\/script>\n<!-- \/ Yoast SEO plugin. -->","yoast_head_json":{"title":"2. Damen -","robots":{"index":"index","follow":"follow","max-snippet":"max-snippet:-1","max-image-preview":"max-image-preview:large","max-video-preview":"max-video-preview:-1"},"canonical":"https:\/\/www.sc-soehre.de\/?page_id=102","og_locale":"de_DE","og_type":"article","og_title":"2. Damen -","og_description":"Bezirksliga Nord (4er) Aufstellung Vorrunde 2025\/26 1.Franziska Horn2.Johanna Wiens3.Nadja Schliest\u00e4dt4.Ilka Horn5.Gabriele Horn6.Monika Peter7.Tanja Klatt8.Julia B\u00f6hling Mannschaftsf\u00fchrerin Johanna WiensEmail johanna.winter89@googlemail.comMobil: + 49 176 [&hellip;]","og_url":"https:\/\/www.sc-soehre.de\/?page_id=102","article_modified_time":"2025-12-26T18:01:41+00:00","twitter_card":"summary_large_image","twitter_misc":{"Gesch\u00e4tzte Lesezeit":"1\u00a0Minute"},"schema":{"@context":"https:\/\/schema.org","@graph":[{"@type":"WebPage","@id":"https:\/\/www.sc-soehre.de\/?page_id=102","url":"https:\/\/www.sc-soehre.de\/?page_id=102","name":"2. Damen -","isPartOf":{"@id":"https:\/\/www.sc-soehre.de\/#website"},"datePublished":"2020-06-19T08:20:36+00:00","dateModified":"2025-12-26T18:01:41+00:00","breadcrumb":{"@id":"https:\/\/www.sc-soehre.de\/?page_id=102#breadcrumb"},"inLanguage":"de","potentialAction":[{"@type":"ReadAction","target":["https:\/\/www.sc-soehre.de\/?page_id=102"]}]},{"@type":"BreadcrumbList","@id":"https:\/\/www.sc-soehre.de\/?page_id=102#breadcrumb","itemListElement":[{"@type":"ListItem","position":1,"name":"Startseite","item":"https:\/\/www.sc-soehre.de\/"},{"@type":"ListItem","position":2,"name":"2. Damen"}]},{"@type":"WebSite","@id":"https:\/\/www.sc-soehre.de\/#website","url":"https:\/\/www.sc-soehre.de\/","name":"","description":"","potentialAction":[{"@type":"SearchAction","target":{"@type":"EntryPoint","urlTemplate":"https:\/\/www.sc-soehre.de\/?s={search_term_string}"},"query-input":{"@type":"PropertyValueSpecification","valueRequired":true,"valueName":"search_term_string"}}],"inLanguage":"de"}]}},"_links":{"self":[{"href":"https:\/\/www.sc-soehre.de\/index.php?rest_route=\/wp\/v2\/pages\/102","targetHints":{"allow":["GET"]}}],"collection":[{"href":"https:\/\/www.sc-soehre.de\/index.php?rest_route=\/wp\/v2\/pages"}],"about":[{"href":"https:\/\/www.sc-soehre.de\/index.php?rest_route=\/wp\/v2\/types\/page"}],"author":[{"embeddable":true,"href":"https:\/\/www.sc-soehre.de\/index.php?rest_route=\/wp\/v2\/users\/1"}],"replies":[{"embeddable":true,"href":"https:\/\/www.sc-soehre.de\/index.php?rest_route=%2Fwp%2Fv2%2Fcomments&post=102"}],"version-history":[{"count":8,"href":"https:\/\/www.sc-soehre.de\/index.php?rest_route=\/wp\/v2\/pages\/102\/revisions"}],"predecessor-version":[{"id":555,"href":"https:\/\/www.sc-soehre.de\/index.php?rest_route=\/wp\/v2\/pages\/102\/revisions\/555"}],"wp:attachment":[{"href":"https:\/\/www.sc-soehre.de\/index.php?rest_route=%2Fwp%2Fv2%2Fmedia&parent=102"}],"curies":[{"name":"wp","href":"https:\/\/api.w.org\/{rel}","templated":true}]}}