{"id":10,"date":"2020-06-15T21:08:25","date_gmt":"2020-06-15T19:08:25","guid":{"rendered":"http:\/\/sc-soehre.de\/?page_id=10"},"modified":"2021-10-07T20:06:05","modified_gmt":"2021-10-07T18:06:05","slug":"spielstaetten","status":"publish","type":"page","link":"https:\/\/www.sc-soehre.de\/?page_id=10","title":{"rendered":"Spielst\u00e4tten"},"content":{"rendered":"\n<h3 class=\"wp-block-heading\">Spiellokal 1<\/h3>\n\n\n\n<div class=\"wp-block-image\"><figure class=\"alignleft size-large\"><img loading=\"lazy\" decoding=\"async\" width=\"346\" height=\"277\" src=\"http:\/\/sc-soehre.de\/wp-content\/uploads\/2020\/06\/Spiellokal.jpg\" alt=\"\" class=\"wp-image-125\" srcset=\"https:\/\/www.sc-soehre.de\/wp-content\/uploads\/2020\/06\/Spiellokal.jpg 346w, https:\/\/www.sc-soehre.de\/wp-content\/uploads\/2020\/06\/Spiellokal-300x240.jpg 300w, https:\/\/www.sc-soehre.de\/wp-content\/uploads\/2020\/06\/Spiellokal-230x184.jpg 230w\" sizes=\"auto, (max-width: 346px) 100vw, 346px\" \/><\/figure><\/div>\n\n\n\n<p class=\"has-text-align-left\">Neue Sporthalle Wellerode<\/p>\n\n\n\n<p>Zum Bornhof 1<br>34320 S\u00f6hrewald-Wellerode<\/p>\n\n\n\n<p><\/p>\n\n\n\n<p><\/p>\n\n\n\n<!--nextpage-->\n\n\n\n<h3 class=\"wp-block-heading\"><strong>Spiellokal 2<\/strong><\/h3>\n\n\n\n<div class=\"wp-block-image\"><figure class=\"alignleft size-large is-resized\"><img loading=\"lazy\" decoding=\"async\" src=\"https:\/\/sc-soehre.de\/wp-content\/uploads\/2021\/10\/DGH-Wattenbach-1.jpg\" alt=\"\" class=\"wp-image-401\" width=\"350\" height=\"230\" srcset=\"https:\/\/www.sc-soehre.de\/wp-content\/uploads\/2021\/10\/DGH-Wattenbach-1.jpg 682w, https:\/\/www.sc-soehre.de\/wp-content\/uploads\/2021\/10\/DGH-Wattenbach-1-300x198.jpg 300w, https:\/\/www.sc-soehre.de\/wp-content\/uploads\/2021\/10\/DGH-Wattenbach-1-230x152.jpg 230w, https:\/\/www.sc-soehre.de\/wp-content\/uploads\/2021\/10\/DGH-Wattenbach-1-350x231.jpg 350w, https:\/\/www.sc-soehre.de\/wp-content\/uploads\/2021\/10\/DGH-Wattenbach-1-480x317.jpg 480w\" sizes=\"auto, (max-width: 350px) 100vw, 350px\" \/><\/figure><\/div>\n\n\n\n<p class=\"has-text-align-left\">Dorfgemeinschaftshaus Wattenbach<\/p>\n\n\n\n<p class=\"has-text-align-left\">Weller\u00f6der Stra\u00dfe<br>34320 S\u00f6hrewald-Wattenbach<\/p>\n\n\n\n<!--nextpage-->\n\n\n\n<h3 class=\"wp-block-heading\">Spiellokal 3<\/h3>\n\n\n\n<div class=\"wp-block-image\"><figure class=\"alignleft size-large\"><img loading=\"lazy\" decoding=\"async\" width=\"350\" height=\"233\" src=\"http:\/\/sc-soehre.de\/wp-content\/uploads\/2021\/07\/Sporthalle-Vollmarshausen.jpg\" alt=\"\" class=\"wp-image-380\" srcset=\"https:\/\/www.sc-soehre.de\/wp-content\/uploads\/2021\/07\/Sporthalle-Vollmarshausen.jpg 350w, https:\/\/www.sc-soehre.de\/wp-content\/uploads\/2021\/07\/Sporthalle-Vollmarshausen-300x200.jpg 300w, https:\/\/www.sc-soehre.de\/wp-content\/uploads\/2021\/07\/Sporthalle-Vollmarshausen-230x153.jpg 230w\" sizes=\"auto, (max-width: 350px) 100vw, 350px\" \/><\/figure><\/div>\n\n\n\n<p class=\"has-text-align-left\">Sporthalle Vollmarshausen<\/p>\n\n\n\n<p>Kurt-Schumacher-Stra\u00dfe<br>34253 Lohfelden-Vollmarshausen<\/p>\n","protected":false},"excerpt":{"rendered":"<p>Spiellokal 1 Neue Sporthalle Wellerode Zum Bornhof 134320 S\u00f6hrewald-Wellerode<\/p>\n","protected":false},"author":1,"featured_media":0,"parent":0,"menu_order":0,"comment_status":"closed","ping_status":"closed","template":"","meta":{"footnotes":""},"class_list":["post-10","page","type-page","status-publish","hentry"],"yoast_head":"<!-- This site is optimized with the Yoast SEO plugin v26.6 - https:\/\/yoast.com\/wordpress\/plugins\/seo\/ -->\n<title>Spielst\u00e4tten -<\/title>\n<meta name=\"robots\" content=\"index, follow, max-snippet:-1, max-image-preview:large, max-video-preview:-1\" \/>\n<link rel=\"canonical\" href=\"https:\/\/www.sc-soehre.de\/?page_id=10\" \/>\n<link rel=\"next\" href=\"https:\/\/www.sc-soehre.de\/?page_id=10&page=2\" \/>\n<meta property=\"og:locale\" content=\"de_DE\" \/>\n<meta property=\"og:type\" content=\"article\" \/>\n<meta property=\"og:title\" content=\"Spielst\u00e4tten -\" \/>\n<meta property=\"og:description\" content=\"Spiellokal 1 Neue Sporthalle Wellerode Zum Bornhof 134320 S\u00f6hrewald-Wellerode\" \/>\n<meta property=\"og:url\" content=\"https:\/\/www.sc-soehre.de\/?page_id=10\" \/>\n<meta property=\"article:modified_time\" content=\"2021-10-07T18:06:05+00:00\" \/>\n<meta property=\"og:image\" content=\"http:\/\/sc-soehre.de\/wp-content\/uploads\/2020\/06\/Spiellokal.jpg\" \/>\n<meta name=\"twitter:card\" content=\"summary_large_image\" \/>\n<script type=\"application\/ld+json\" class=\"yoast-schema-graph\">{\"@context\":\"https:\/\/schema.org\",\"@graph\":[{\"@type\":\"WebPage\",\"@id\":\"https:\/\/www.sc-soehre.de\/?page_id=10\",\"url\":\"https:\/\/www.sc-soehre.de\/?page_id=10\",\"name\":\"Spielst\u00e4tten -\",\"isPartOf\":{\"@id\":\"https:\/\/www.sc-soehre.de\/#website\"},\"primaryImageOfPage\":{\"@id\":\"https:\/\/www.sc-soehre.de\/?page_id=10#primaryimage\"},\"image\":{\"@id\":\"https:\/\/www.sc-soehre.de\/?page_id=10#primaryimage\"},\"thumbnailUrl\":\"http:\/\/sc-soehre.de\/wp-content\/uploads\/2020\/06\/Spiellokal.jpg\",\"datePublished\":\"2020-06-15T19:08:25+00:00\",\"dateModified\":\"2021-10-07T18:06:05+00:00\",\"inLanguage\":\"de\",\"potentialAction\":[{\"@type\":\"ReadAction\",\"target\":[\"https:\/\/www.sc-soehre.de\/?page_id=10\"]}]},{\"@type\":\"ImageObject\",\"inLanguage\":\"de\",\"@id\":\"https:\/\/www.sc-soehre.de\/?page_id=10#primaryimage\",\"url\":\"http:\/\/sc-soehre.de\/wp-content\/uploads\/2020\/06\/Spiellokal.jpg\",\"contentUrl\":\"http:\/\/sc-soehre.de\/wp-content\/uploads\/2020\/06\/Spiellokal.jpg\"},{\"@type\":\"WebSite\",\"@id\":\"https:\/\/www.sc-soehre.de\/#website\",\"url\":\"https:\/\/www.sc-soehre.de\/\",\"name\":\"\",\"description\":\"\",\"potentialAction\":[{\"@type\":\"SearchAction\",\"target\":{\"@type\":\"EntryPoint\",\"urlTemplate\":\"https:\/\/www.sc-soehre.de\/?s={search_term_string}\"},\"query-input\":{\"@type\":\"PropertyValueSpecification\",\"valueRequired\":true,\"valueName\":\"search_term_string\"}}],\"inLanguage\":\"de\"}]}<\/script>\n<!-- \/ Yoast SEO plugin. -->","yoast_head_json":{"title":"Spielst\u00e4tten -","robots":{"index":"index","follow":"follow","max-snippet":"max-snippet:-1","max-image-preview":"max-image-preview:large","max-video-preview":"max-video-preview:-1"},"canonical":"https:\/\/www.sc-soehre.de\/?page_id=10","next":"https:\/\/www.sc-soehre.de\/?page_id=10&page=2","og_locale":"de_DE","og_type":"article","og_title":"Spielst\u00e4tten -","og_description":"Spiellokal 1 Neue Sporthalle Wellerode Zum Bornhof 134320 S\u00f6hrewald-Wellerode","og_url":"https:\/\/www.sc-soehre.de\/?page_id=10","article_modified_time":"2021-10-07T18:06:05+00:00","og_image":[{"url":"http:\/\/sc-soehre.de\/wp-content\/uploads\/2020\/06\/Spiellokal.jpg","type":"","width":"","height":""}],"twitter_card":"summary_large_image","schema":{"@context":"https:\/\/schema.org","@graph":[{"@type":"WebPage","@id":"https:\/\/www.sc-soehre.de\/?page_id=10","url":"https:\/\/www.sc-soehre.de\/?page_id=10","name":"Spielst\u00e4tten -","isPartOf":{"@id":"https:\/\/www.sc-soehre.de\/#website"},"primaryImageOfPage":{"@id":"https:\/\/www.sc-soehre.de\/?page_id=10#primaryimage"},"image":{"@id":"https:\/\/www.sc-soehre.de\/?page_id=10#primaryimage"},"thumbnailUrl":"http:\/\/sc-soehre.de\/wp-content\/uploads\/2020\/06\/Spiellokal.jpg","datePublished":"2020-06-15T19:08:25+00:00","dateModified":"2021-10-07T18:06:05+00:00","inLanguage":"de","potentialAction":[{"@type":"ReadAction","target":["https:\/\/www.sc-soehre.de\/?page_id=10"]}]},{"@type":"ImageObject","inLanguage":"de","@id":"https:\/\/www.sc-soehre.de\/?page_id=10#primaryimage","url":"http:\/\/sc-soehre.de\/wp-content\/uploads\/2020\/06\/Spiellokal.jpg","contentUrl":"http:\/\/sc-soehre.de\/wp-content\/uploads\/2020\/06\/Spiellokal.jpg"},{"@type":"WebSite","@id":"https:\/\/www.sc-soehre.de\/#website","url":"https:\/\/www.sc-soehre.de\/","name":"","description":"","potentialAction":[{"@type":"SearchAction","target":{"@type":"EntryPoint","urlTemplate":"https:\/\/www.sc-soehre.de\/?s={search_term_string}"},"query-input":{"@type":"PropertyValueSpecification","valueRequired":true,"valueName":"search_term_string"}}],"inLanguage":"de"}]}},"_links":{"self":[{"href":"https:\/\/www.sc-soehre.de\/index.php?rest_route=\/wp\/v2\/pages\/10","targetHints":{"allow":["GET"]}}],"collection":[{"href":"https:\/\/www.sc-soehre.de\/index.php?rest_route=\/wp\/v2\/pages"}],"about":[{"href":"https:\/\/www.sc-soehre.de\/index.php?rest_route=\/wp\/v2\/types\/page"}],"author":[{"embeddable":true,"href":"https:\/\/www.sc-soehre.de\/index.php?rest_route=\/wp\/v2\/users\/1"}],"replies":[{"embeddable":true,"href":"https:\/\/www.sc-soehre.de\/index.php?rest_route=%2Fwp%2Fv2%2Fcomments&post=10"}],"version-history":[{"count":14,"href":"https:\/\/www.sc-soehre.de\/index.php?rest_route=\/wp\/v2\/pages\/10\/revisions"}],"predecessor-version":[{"id":403,"href":"https:\/\/www.sc-soehre.de\/index.php?rest_route=\/wp\/v2\/pages\/10\/revisions\/403"}],"wp:attachment":[{"href":"https:\/\/www.sc-soehre.de\/index.php?rest_route=%2Fwp%2Fv2%2Fmedia&parent=10"}],"curies":[{"name":"wp","href":"https:\/\/api.w.org\/{rel}","templated":true}]}}